{"id":6684,"date":"2025-05-07T13:46:15","date_gmt":"2025-05-07T10:46:15","guid":{"rendered":"https:\/\/kindofeducation.com\/?page_id=6684"},"modified":"2025-06-17T11:54:29","modified_gmt":"2025-06-17T08:54:29","slug":"cyprus-international-university","status":"publish","type":"page","link":"https:\/\/kindofeducation.com\/fr\/cyprus-international-university\/","title":{"rendered":"Cyprus International University"},"content":{"rendered":"<div data-elementor-type=\"wp-page\" data-elementor-id=\"6684\" class=\"elementor elementor-6684\">\n\t\t\t\t<div class=\"elementor-element elementor-element-2f62cfe3 e-flex e-con-boxed e-con e-parent\" data-id=\"2f62cfe3\" data-element_type=\"container\">\n\t\t\t\t\t<div class=\"e-con-inner\">\n\t\t\t\t<div class=\"elementor-element elementor-element-78a5a2a5 elementor-widget elementor-widget-text-editor\" data-id=\"78a5a2a5\" data-element_type=\"widget\" data-widget_type=\"text-editor.default\">\n\t\t\t\t<div class=\"elementor-widget-container\"><p><br><\/p><p><\/p><\/div>\n\t\t\t\t<\/div>\n\t\t\t\t\t<\/div>\n\t\t\t\t<\/div>\n\t\t<div class=\"elementor-element elementor-element-b02f940 e-flex e-con-boxed e-con e-parent\" data-id=\"b02f940\" data-element_type=\"container\">\n\t\t\t\t\t<div class=\"e-con-inner\">\n\t\t\t\t<div class=\"elementor-element elementor-element-47bfbaf elementor-widget elementor-widget-text-editor\" data-id=\"47bfbaf\" data-element_type=\"widget\" data-widget_type=\"text-editor.default\">\n\t\t\t\t<div class=\"elementor-widget-container\">\n\t\t\t\t\t\t\t\t\t<div style=\"display: flex; flex-wrap: wrap; gap: 20px; font-family: sans-serif; max-width: 1000px; margin: 0 auto;\">\n\n  <!-- Seat Availability -->\n  <div style=\"flex: 1 1 250px; background: #fefefe; border: 1px solid #ddd; border-radius: 12px; padding: 20px; box-shadow: 0 2px 6px rgba(0,0,0,0.05); margin-bottom: 20px;\">\n    <h3 style=\"margin: 0 0 10px; font-size: 16px; color: #555;\">\ud83e\ude91 Disponibilit\u00e9 des Places<\/h3>\n    <p style=\"font-size: 18px; font-weight: bold; color: #333;\">75 % Disponible<\/p>\n  <\/div>\n\n  <!-- Languages -->\n  <div style=\"flex: 1 1 250px; background: #fefefe; border: 1px solid #ddd; border-radius: 12px; padding: 20px; box-shadow: 0 2px 6px rgba(0,0,0,0.05); margin-bottom: 20px;\">\n    <h3 style=\"margin: 0 0 10px; font-size: 16px; color: #555;\">\ud83c\udf10 Langues Propos\u00e9es<\/h3>\n    <p style=\"font-size: 16px; color: #333;\">Anglais, Turc<\/p>\n  <\/div>\n\n  <!-- Annual Fees -->\n  <div style=\"flex: 1 1 250px; background: #fefefe; border: 1px solid #ddd; border-radius: 12px; padding: 20px; box-shadow: 0 2px 6px rgba(0,0,0,0.05); margin-bottom: 20px;\">\n    <h3 style=\"margin: 0 0 10px; font-size: 16px; color: #555;\">\ud83d\udcb0 Frais Annuels<\/h3>\n    <p style=\"font-size: 18px; font-weight: bold; color: #333;\">$3345<\/p>\n  <\/div>\n\n  <!-- About Section -->\n  <div style=\"flex: 1 1 100%; background: #fefefe; border: 1px solid #ddd; border-radius: 12px; padding: 20px; box-shadow: 0 2px 6px rgba(0,0,0,0.05); margin-bottom: 20px;\">\n    <h3 style=\"margin-top: 0; font-size: 18px; color: #444;\">\ud83c\udfeb \u00c0 Propos de l'Universit\u00e9<\/h3>\n    <p style=\"font-size: 15px; color: #555; line-height: 1.6;\">\n      Cyprus International University, \u00e9tablie en 1997, est l'une des universit\u00e9s les plus prestigieuses de Chypre du Nord, reconnue pour son \u00e9ducation de haute qualit\u00e9, ses accr\u00e9ditations internationales et ses programmes acad\u00e9miques vari\u00e9s. L'universit\u00e9 accueille plus de 20 000 \u00e9tudiants de 110 pays diff\u00e9rents, ce qui en fait un p\u00f4le acad\u00e9mique multiculturel.\n    <\/p>\n  <\/div>\n\n<\/div>\n\n<!-- Classic University Card -->\n<div class=\"unicard-classic\">\n  <div class=\"unicard-header\">Cyprus International University \u2013 Chypre du Nord<\/div>\n  <div class=\"unicard-section-title\">\u00c0 propos de la Cyprus International University<\/div>\n  <div class=\"unicard-text\">\n    \u00c9tablie en 1997, la Cyprus International University (CIU) est reconnue comme l'une des principales institutions \u00e9ducatives de Chypre du Nord, r\u00e9put\u00e9e pour son excellence acad\u00e9mique, son corps \u00e9tudiant international et ses programmes acad\u00e9miques complets. La CIU offre des dipl\u00f4mes de Licence, Master et Doctorat.\n  <\/div>\n\n  <div class=\"unicard-section-title\">Dipl\u00f4mes Universitaires D\u00e9cern\u00e9s par la CIU<\/div>\n  <ul class=\"unicard-list\">\n    <li>Licence (BSc)<\/li>\n    <li>Master<\/li>\n    <li>Doctorat (Ph.D.)<\/li>\n  <\/ul>\n\n  <div class=\"unicard-section-title\">Avantages d'\u00c9tudier \u00e0 la Cyprus International University<\/div>\n  <ul class=\"unicard-list\">\n    <li>Programmes accr\u00e9dit\u00e9s internationalement et reconnus mondialement.<\/li>\n    <li>De vastes centres de recherche et de formation \u00e9quip\u00e9s de technologies modernes.<\/li>\n    <li>Le plus grand campus de Chypre du Nord, accueillant une vari\u00e9t\u00e9 d'\u00e9v\u00e9nements culturels et acad\u00e9miques.<\/li>\n    <li>Des installations sportives \u00e0 la pointe de la technologie, y compris une piscine semi-olympique.<\/li>\n    <li>L'une des plus grandes biblioth\u00e8ques de Chypre du Nord, dot\u00e9e de riches ressources scientifiques.<\/li>\n    <li>Soutien aux \u00e9v\u00e9nements culturels, sociaux et de divertissement pour le d\u00e9veloppement des \u00e9tudiants.<\/li>\n  <\/ul>\n\n  <div class=\"unicard-text translation-block\" style=\"margin-top: 20px;\">\ud83d\udcde Int\u00e9ress\u00e9 par l'Universit\u00e9 Internationale de Chypre ? <strong>Demandez une consultation gratuite<\/strong> d\u00e8s aujourd\u2019hui pour en savoir plus. <strong>Contactez-nous maintenant !<\/strong><\/div>\n<\/div>\n\n<style>\n  .unicard-classic {\n    background-color: #f9f9f9;\n    border: 1px solid #ddd;\n    border-radius: 10px;\n    padding: 20px;\n    margin-bottom: 30px;\n    font-family: Arial, sans-serif;\n    box-shadow: 0 2px 8px rgba(0,0,0,0.05);\n  }\n  .unicard-header {\n    font-size: 22px;\n    font-weight: bold;\n    margin-bottom: 10px;\n    color: #222;\n  }\n  .unicard-section-title {\n    font-size: 18px;\n    font-weight: bold;\n    color: #444;\n    margin-top: 20px;\n    margin-bottom: 5px;\n  }\n  .unicard-text {\n    font-size: 15px;\n    color: #555;\n    line-height: 1.6;\n  }\n  .unicard-list {\n    list-style-type: disc;\n    padding-left: 20px;\n    color: #555;\n  }\n<\/style>\t\t\t\t\t\t\t\t<\/div>\n\t\t\t\t<\/div>\n\t\t\t\t\t<\/div>\n\t\t\t\t<\/div>\t\t<\/div>","protected":false},"excerpt":{"rendered":"<p>\ud83e\ude91 Seat Availability %75 Available \ud83c\udf10 Languages Offered English, Turkish \ud83d\udcb0 Annual Fees $3345 \ud83c\udfeb About the University Cyprus International [&hellip;]<\/p>","protected":false},"author":6,"featured_media":0,"parent":0,"menu_order":0,"comment_status":"closed","ping_status":"closed","template":"","meta":{"footnotes":""},"class_list":["post-6684","page","type-page","status-publish","hentry"],"yoast_head":"<!-- This site is optimized with the Yoast SEO Premium plugin v25.3 (Yoast SEO v25.3) - https:\/\/yoast.com\/wordpress\/plugins\/seo\/ -->\n<title>Cyprus International University - Kind of Education<\/title>\n<meta name=\"robots\" content=\"index, follow, max-snippet:-1, max-image-preview:large, max-video-preview:-1\" \/>\n<link rel=\"canonical\" href=\"https:\/\/kindofeducation.com\/fr\/cyprus-international-university\/\" \/>\n<meta property=\"og:locale\" content=\"fr_FR\" \/>\n<meta property=\"og:type\" content=\"article\" \/>\n<meta property=\"og:title\" content=\"Cyprus International University\" \/>\n<meta property=\"og:description\" content=\"\ud83e\ude91 Seat Availability %75 Available \ud83c\udf10 Languages Offered English, Turkish \ud83d\udcb0 Annual Fees $3345 \ud83c\udfeb About the University Cyprus International [&hellip;]\" \/>\n<meta property=\"og:url\" content=\"https:\/\/kindofeducation.com\/fr\/cyprus-international-university\/\" \/>\n<meta property=\"og:site_name\" content=\"Kind of Education\" \/>\n<meta property=\"article:modified_time\" content=\"2025-06-17T08:54:29+00:00\" \/>\n<meta name=\"twitter:card\" content=\"summary_large_image\" \/>\n<meta name=\"twitter:label1\" content=\"Dur\u00e9e de lecture estim\u00e9e\" \/>\n\t<meta name=\"twitter:data1\" content=\"1 minute\" \/>\n<script type=\"application\/ld+json\" class=\"yoast-schema-graph\">{\"@context\":\"https:\/\/schema.org\",\"@graph\":[{\"@type\":\"WebPage\",\"@id\":\"https:\/\/kindofeducation.com\/ar\/cyprus-international-university\/\",\"url\":\"https:\/\/kindofeducation.com\/ar\/cyprus-international-university\/\",\"name\":\"Cyprus International University - Kind of Education\",\"isPartOf\":{\"@id\":\"https:\/\/kindofeducation.com\/#website\"},\"datePublished\":\"2025-05-07T10:46:15+00:00\",\"dateModified\":\"2025-06-17T08:54:29+00:00\",\"breadcrumb\":{\"@id\":\"https:\/\/kindofeducation.com\/ar\/cyprus-international-university\/#breadcrumb\"},\"inLanguage\":\"fr-FR\",\"potentialAction\":[{\"@type\":\"ReadAction\",\"target\":[\"https:\/\/kindofeducation.com\/ar\/cyprus-international-university\/\"]}]},{\"@type\":\"BreadcrumbList\",\"@id\":\"https:\/\/kindofeducation.com\/ar\/cyprus-international-university\/#breadcrumb\",\"itemListElement\":[{\"@type\":\"ListItem\",\"position\":1,\"name\":\"Home\",\"item\":\"https:\/\/kindofeducation.com\/\"},{\"@type\":\"ListItem\",\"position\":2,\"name\":\"Cyprus International University\"}]},{\"@type\":\"WebSite\",\"@id\":\"https:\/\/kindofeducation.com\/#website\",\"url\":\"https:\/\/kindofeducation.com\/\",\"name\":\"Kind of Education\",\"description\":\"Reshape your future...\",\"publisher\":{\"@id\":\"https:\/\/kindofeducation.com\/#organization\"},\"potentialAction\":[{\"@type\":\"SearchAction\",\"target\":{\"@type\":\"EntryPoint\",\"urlTemplate\":\"https:\/\/kindofeducation.com\/?s={search_term_string}\"},\"query-input\":{\"@type\":\"PropertyValueSpecification\",\"valueRequired\":true,\"valueName\":\"search_term_string\"}}],\"inLanguage\":\"fr-FR\"},{\"@type\":\"Organization\",\"@id\":\"https:\/\/kindofeducation.com\/#organization\",\"name\":\"Kind of Education\",\"url\":\"https:\/\/kindofeducation.com\/\",\"logo\":{\"@type\":\"ImageObject\",\"inLanguage\":\"fr-FR\",\"@id\":\"https:\/\/kindofeducation.com\/#\/schema\/logo\/image\/\",\"url\":\"https:\/\/kindofeducation.com\/wp-content\/uploads\/2022\/07\/kod_beyaz-scaled.png\",\"contentUrl\":\"https:\/\/kindofeducation.com\/wp-content\/uploads\/2022\/07\/kod_beyaz-scaled.png\",\"width\":2560,\"height\":2560,\"caption\":\"Kind of Education\"},\"image\":{\"@id\":\"https:\/\/kindofeducation.com\/#\/schema\/logo\/image\/\"}}]}<\/script>\n<!-- \/ Yoast SEO Premium plugin. -->","yoast_head_json":{"title":"Cyprus International University - Kind of Education","robots":{"index":"index","follow":"follow","max-snippet":"max-snippet:-1","max-image-preview":"max-image-preview:large","max-video-preview":"max-video-preview:-1"},"canonical":"https:\/\/kindofeducation.com\/fr\/cyprus-international-university\/","og_locale":"fr_FR","og_type":"article","og_title":"Cyprus International University","og_description":"\ud83e\ude91 Seat Availability %75 Available \ud83c\udf10 Languages Offered English, Turkish \ud83d\udcb0 Annual Fees $3345 \ud83c\udfeb About the University Cyprus International [&hellip;]","og_url":"https:\/\/kindofeducation.com\/fr\/cyprus-international-university\/","og_site_name":"Kind of Education","article_modified_time":"2025-06-17T08:54:29+00:00","twitter_card":"summary_large_image","twitter_misc":{"Dur\u00e9e de lecture estim\u00e9e":"1 minute"},"schema":{"@context":"https:\/\/schema.org","@graph":[{"@type":"WebPage","@id":"https:\/\/kindofeducation.com\/ar\/cyprus-international-university\/","url":"https:\/\/kindofeducation.com\/ar\/cyprus-international-university\/","name":"Cyprus International University - Kind of Education","isPartOf":{"@id":"https:\/\/kindofeducation.com\/#website"},"datePublished":"2025-05-07T10:46:15+00:00","dateModified":"2025-06-17T08:54:29+00:00","breadcrumb":{"@id":"https:\/\/kindofeducation.com\/ar\/cyprus-international-university\/#breadcrumb"},"inLanguage":"fr-FR","potentialAction":[{"@type":"ReadAction","target":["https:\/\/kindofeducation.com\/ar\/cyprus-international-university\/"]}]},{"@type":"BreadcrumbList","@id":"https:\/\/kindofeducation.com\/ar\/cyprus-international-university\/#breadcrumb","itemListElement":[{"@type":"ListItem","position":1,"name":"Home","item":"https:\/\/kindofeducation.com\/"},{"@type":"ListItem","position":2,"name":"Cyprus International University"}]},{"@type":"WebSite","@id":"https:\/\/kindofeducation.com\/#website","url":"https:\/\/kindofeducation.com\/","name":"Kind of Education","description":"Reshape your future...","publisher":{"@id":"https:\/\/kindofeducation.com\/#organization"},"potentialAction":[{"@type":"SearchAction","target":{"@type":"EntryPoint","urlTemplate":"https:\/\/kindofeducation.com\/?s={search_term_string}"},"query-input":{"@type":"PropertyValueSpecification","valueRequired":true,"valueName":"search_term_string"}}],"inLanguage":"fr-FR"},{"@type":"Organization","@id":"https:\/\/kindofeducation.com\/#organization","name":"Kind of Education","url":"https:\/\/kindofeducation.com\/","logo":{"@type":"ImageObject","inLanguage":"fr-FR","@id":"https:\/\/kindofeducation.com\/#\/schema\/logo\/image\/","url":"https:\/\/kindofeducation.com\/wp-content\/uploads\/2022\/07\/kod_beyaz-scaled.png","contentUrl":"https:\/\/kindofeducation.com\/wp-content\/uploads\/2022\/07\/kod_beyaz-scaled.png","width":2560,"height":2560,"caption":"Kind of Education"},"image":{"@id":"https:\/\/kindofeducation.com\/#\/schema\/logo\/image\/"}}]}},"_links":{"self":[{"href":"https:\/\/kindofeducation.com\/fr\/wp-json\/wp\/v2\/pages\/6684","targetHints":{"allow":["GET"]}}],"collection":[{"href":"https:\/\/kindofeducation.com\/fr\/wp-json\/wp\/v2\/pages"}],"about":[{"href":"https:\/\/kindofeducation.com\/fr\/wp-json\/wp\/v2\/types\/page"}],"author":[{"embeddable":true,"href":"https:\/\/kindofeducation.com\/fr\/wp-json\/wp\/v2\/users\/6"}],"replies":[{"embeddable":true,"href":"https:\/\/kindofeducation.com\/fr\/wp-json\/wp\/v2\/comments?post=6684"}],"version-history":[{"count":5,"href":"https:\/\/kindofeducation.com\/fr\/wp-json\/wp\/v2\/pages\/6684\/revisions"}],"predecessor-version":[{"id":6781,"href":"https:\/\/kindofeducation.com\/fr\/wp-json\/wp\/v2\/pages\/6684\/revisions\/6781"}],"wp:attachment":[{"href":"https:\/\/kindofeducation.com\/fr\/wp-json\/wp\/v2\/media?parent=6684"}],"curies":[{"name":"wp","href":"https:\/\/api.w.org\/{rel}","templated":true}]}}