{"id":6680,"date":"2025-05-07T13:44:41","date_gmt":"2025-05-07T10:44:41","guid":{"rendered":"https:\/\/kindofeducation.com\/?page_id=6680"},"modified":"2025-06-17T11:54:59","modified_gmt":"2025-06-17T08:54:59","slug":"final-international-university","status":"publish","type":"page","link":"https:\/\/kindofeducation.com\/fr\/final-international-university\/","title":{"rendered":"Final International University"},"content":{"rendered":"<div data-elementor-type=\"wp-page\" data-elementor-id=\"6680\" class=\"elementor elementor-6680\">\n\t\t\t\t<div class=\"elementor-element elementor-element-33f9e2a e-flex e-con-boxed e-con e-parent\" data-id=\"33f9e2a\" data-element_type=\"container\">\n\t\t\t\t\t<div class=\"e-con-inner\">\n\t\t\t\t<div class=\"elementor-element elementor-element-0f44bbe elementor-widget elementor-widget-text-editor\" data-id=\"0f44bbe\" data-element_type=\"widget\" data-widget_type=\"text-editor.default\">\n\t\t\t\t<div class=\"elementor-widget-container\">\n\t\t\t\t\t\t\t\t\t<div style=\"display: flex; flex-wrap: wrap; gap: 20px; font-family: sans-serif; max-width: 1000px; margin: 0 auto;\">\n\n<!-- Seat Availability -->\n<div style=\"flex: 1 1 250px; background: #fefefe; border: 1px solid #ddd; border-radius: 12px; padding: 20px; box-shadow: 0 2px 6px rgba(0,0,0,0.05); margin-bottom: 20px;\">\n  <h3 style=\"margin: 0 0 10px; font-size: 16px; color: #555;\">\ud83e\ude91 Disponibilit\u00e9 des Places<\/h3>\n  <p style=\"font-size: 18px; font-weight: bold; color: #333;\">100% Disponible<\/p>\n<\/div>\n\n<!-- Languages -->\n<div style=\"flex: 1 1 250px; background: #fefefe; border: 1px solid #ddd; border-radius: 12px; padding: 20px; box-shadow: 0 2px 6px rgba(0,0,0,0.05); margin-bottom: 20px;\">\n  <h3 style=\"margin: 0 0 10px; font-size: 16px; color: #555;\">\ud83c\udf10 Langues Propos\u00e9es<\/h3>\n  <p style=\"font-size: 16px; color: #333;\">Anglais, Turc<\/p>\n<\/div>\n\n<!-- Annual Fees -->\n<div style=\"flex: 1 1 250px; background: #fefefe; border: 1px solid #ddd; border-radius: 12px; padding: 20px; box-shadow: 0 2px 6px rgba(0,0,0,0.05); margin-bottom: 20px;\">\n  <h3 style=\"margin: 0 0 10px; font-size: 16px; color: #555;\">\ud83d\udcb0 Frais Annuels<\/h3>\n  <p style=\"font-size: 18px; font-weight: bold; color: #333;\">$890<\/p>\n<\/div>\n\n<!-- About Section -->\n<div style=\"flex: 1 1 100%; background: #fefefe; border: 1px solid #ddd; border-radius: 12px; padding: 20px; box-shadow: 0 2px 6px rgba(0,0,0,0.05); margin-bottom: 20px;\">\n  <h3 style=\"margin-top: 0; font-size: 18px; color: #444;\">\ud83c\udfeb \u00c0 Propos de l'Universit\u00e9<\/h3>\n  <p style=\"font-size: 15px; color: #555; line-height: 1.6;\">\n    D\u00e9couvrez la Final International University \u00e0 Chypre du Nord, votre destination principale pour l'enseignement sup\u00e9rieur et une exp\u00e9rience acad\u00e9mique exceptionnelle, notamment dans les sp\u00e9cialit\u00e9s m\u00e9dicales telles que les \u00e9tudes dentaires \u00e0 Chypre turque, o\u00f9 l'universit\u00e9 a d\u00e9di\u00e9 un campus s\u00e9par\u00e9 \u00e0 ce domaine important dans la ville de Lefko\u015fa (Nicosie du Nord).\n\nEn plus d'offrir plusieurs sp\u00e9cialisations modernes issues du monde du futur, comme l'\u00e9tude de l'ing\u00e9nierie de l'intelligence artificielle \u00e0 Chypre du Nord.\n\nIci, \u00e0 la Final International University, les connaissances scientifiques avanc\u00e9es se fondent avec des programmes de formation professionnelle intensifs qui s'alignent sur les exigences du march\u00e9 du travail, vous offrant une exp\u00e9rience \u00e9ducative exceptionnelle \u00e0 des prix comp\u00e9titifs.\n\nD\u00e9couvrez les aspects qui vous int\u00e9ressent concernant la Final International University dans les paragraphes suivants, pr\u00e9sent\u00e9s par l'agence Study More, le repr\u00e9sentant exclusif de la Final University. Restez avec nous.\n  <\/p>\n<\/div>\n\n<\/div>\n\n<!-- University Information Card -->\n<style>\n  .unicard-classic {\n    background-color: #f9f9f9;\n    border: 1px solid #ddd;\n    border-radius: 10px;\n    padding: 20px;\n    margin-bottom: 30px;\n    font-family: Arial, sans-serif;\n    box-shadow: 0 2px 8px rgba(0,0,0,0.05);\n  }\n  .unicard-header {\n    font-size: 22px;\n    font-weight: bold;\n    margin-bottom: 10px;\n    color: #222;\n  }\n  .unicard-section-title {\n    font-size: 18px;\n    font-weight: bold;\n    color: #444;\n    margin-top: 20px;\n    margin-bottom: 5px;\n  }\n  .unicard-text {\n    font-size: 15px;\n    color: #555;\n    line-height: 1.6;\n  }\n  .unicard-list {\n    list-style-type: disc;\n    padding-left: 20px;\n    color: #555;\n  }\n<\/style>\n\n<div class=\"unicard-classic\">\n  <div class=\"unicard-header\">Final International University \u2013 Chypre du Nord<\/div>\n  \n  <div class=\"unicard-section-title\">Aper\u00e7u de la Final International University \u00e0 Chypre du Nord<\/div>\n  <div class=\"unicard-text\">\n    La Final International University (FIU) est situ\u00e9e \u00e0 Kyrenia, l'une des plus belles villes de la R\u00e9publique Turque de Chypre du Nord. C'est une destination id\u00e9ale pour les \u00e9tudiants internationaux recherchant une \u00e9ducation de haute qualit\u00e9 \u00e0 un co\u00fbt raisonnable.\n\nL'universit\u00e9 a \u00e9t\u00e9 fond\u00e9e en 2015 suite \u00e0 un partenariat entre les r\u00e9put\u00e9es Final Educational Institutions de Turquie et le Groupe DMG-Akg\u00fcnler, une entreprise leader dans le secteur du tourisme en R\u00e9publique Turque de Chypre du Nord.\n  <\/div>\n  \n  <div class=\"unicard-section-title\">Accr\u00e9ditations Internationales de la Final International University \u00e0 Chypre Turque<\/div>\n  <ul class=\"unicard-list\">\n    <li>Accr\u00e9ditation par le Conseil de l'Enseignement Sup\u00e9rieur de Turquie \u00ab Y\u00d6K \u00bb<\/li>\n    <li>Accr\u00e9ditation par le Conseil de Planification, d'\u00c9valuation, d'Accr\u00e9ditation et de Coordination de l'Enseignement Sup\u00e9rieur \u00e0 Chypre du Nord \u00ab Y\u00d6DAK \u00bb<\/li>\n    <li>Accord avec l'Universit\u00e9 Al Akhawayn au Maroc, o\u00f9 la Final International University est reconnue.<\/li>\n    <li>Accord avec l'Ulster University au Royaume-Uni<\/li>\n    <li>Accord avec la Maltepe University \u00e0 Istanbul, Turquie<\/li>\n  <\/ul>\n\n  <div class=\"unicard-section-title\">Dipl\u00f4mes Universitaires D\u00e9cern\u00e9s par la Final International University<\/div>\n  <ul class=\"unicard-list\">\n    <li>Licence<\/li>\n    <li>Master<\/li>\n    <li>Doctorat (Ph.D.)<\/li>\n    <li>Dipl\u00f4me d'Associ\u00e9<\/li>\n  <\/ul>\n\n  <div class=\"unicard-section-title\">Avantages d'\u00c9tudier \u00e0 la Final International University<\/div>\n  <ul class=\"unicard-list\">\n    <li>Un environnement \u00e9ducatif international riche avec des \u00e9tudiants de plus de 60 pays<\/li>\n    <li>Sp\u00e9cialisation unique en Ing\u00e9nierie de l'Intelligence Artificielle et en Dentisterie<\/li>\n    <li>Un corps professoral exp\u00e9riment\u00e9 poss\u00e9dant des dipl\u00f4mes avanc\u00e9s d'universit\u00e9s prestigieuses du monde entier<\/li>\n    <li>Des installations \u00e0 la pointe de la technologie, y compris des salles de classe modernes, des laboratoires, des biblioth\u00e8ques, des installations sportives et des logements \u00e9tudiants<\/li>\n    <li>Situ\u00e9 dans la magnifique ville de Kyrenia avec des paysages naturels \u00e9poustouflants<\/li>\n    <li>Des prix comp\u00e9titifs par rapport aux autres universit\u00e9s de la r\u00e9gion<\/li>\n  <\/ul>\n\n  <div class=\"unicard-text translation-block\" style=\"margin-top: 20px;\">\ud83d\udcde N\u2019h\u00e9sitez pas \u00e0 <strong>demander une consultation gratuite<\/strong> pour en savoir plus sur la Final International University. <strong>Contactez-nous d\u00e8s aujourd\u2019hui !<\/strong><\/div>\n<\/div>\t\t\t\t\t\t\t\t<\/div>\n\t\t\t\t<\/div>\n\t\t\t\t\t<\/div>\n\t\t\t\t<\/div>\n\t\t\t\t<\/div>","protected":false},"excerpt":{"rendered":"<p>\ud83e\ude91 Seat Availability %100 Available \ud83c\udf10 Languages Offered English, Turkish \ud83d\udcb0 Annual Fees $890 \ud83c\udfeb About the University Discover Final [&hellip;]<\/p>","protected":false},"author":6,"featured_media":0,"parent":0,"menu_order":0,"comment_status":"closed","ping_status":"closed","template":"","meta":{"footnotes":""},"class_list":["post-6680","page","type-page","status-publish","hentry"],"yoast_head":"<!-- This site is optimized with the Yoast SEO Premium plugin v25.3 (Yoast SEO v25.3) - https:\/\/yoast.com\/wordpress\/plugins\/seo\/ -->\n<title>Final International University - Kind of Education<\/title>\n<meta name=\"robots\" content=\"index, follow, max-snippet:-1, max-image-preview:large, max-video-preview:-1\" \/>\n<link rel=\"canonical\" href=\"https:\/\/kindofeducation.com\/fr\/final-international-university\/\" \/>\n<meta property=\"og:locale\" content=\"fr_FR\" \/>\n<meta property=\"og:type\" content=\"article\" \/>\n<meta property=\"og:title\" content=\"Final International University\" \/>\n<meta property=\"og:description\" content=\"\ud83e\ude91 Seat Availability %100 Available \ud83c\udf10 Languages Offered English, Turkish \ud83d\udcb0 Annual Fees $890 \ud83c\udfeb About the University Discover Final [&hellip;]\" \/>\n<meta property=\"og:url\" content=\"https:\/\/kindofeducation.com\/fr\/final-international-university\/\" \/>\n<meta property=\"og:site_name\" content=\"Kind of Education\" \/>\n<meta property=\"article:modified_time\" content=\"2025-06-17T08:54:59+00:00\" \/>\n<meta name=\"twitter:card\" content=\"summary_large_image\" \/>\n<meta name=\"twitter:label1\" content=\"Dur\u00e9e de lecture estim\u00e9e\" \/>\n\t<meta name=\"twitter:data1\" content=\"2 minutes\" \/>\n<script type=\"application\/ld+json\" class=\"yoast-schema-graph\">{\"@context\":\"https:\/\/schema.org\",\"@graph\":[{\"@type\":\"WebPage\",\"@id\":\"https:\/\/kindofeducation.com\/final-international-university\/\",\"url\":\"https:\/\/kindofeducation.com\/final-international-university\/\",\"name\":\"Final International University - Kind of Education\",\"isPartOf\":{\"@id\":\"https:\/\/kindofeducation.com\/#website\"},\"datePublished\":\"2025-05-07T10:44:41+00:00\",\"dateModified\":\"2025-06-17T08:54:59+00:00\",\"breadcrumb\":{\"@id\":\"https:\/\/kindofeducation.com\/final-international-university\/#breadcrumb\"},\"inLanguage\":\"fr-FR\",\"potentialAction\":[{\"@type\":\"ReadAction\",\"target\":[\"https:\/\/kindofeducation.com\/final-international-university\/\"]}]},{\"@type\":\"BreadcrumbList\",\"@id\":\"https:\/\/kindofeducation.com\/final-international-university\/#breadcrumb\",\"itemListElement\":[{\"@type\":\"ListItem\",\"position\":1,\"name\":\"Home\",\"item\":\"https:\/\/kindofeducation.com\/\"},{\"@type\":\"ListItem\",\"position\":2,\"name\":\"Final International University\"}]},{\"@type\":\"WebSite\",\"@id\":\"https:\/\/kindofeducation.com\/#website\",\"url\":\"https:\/\/kindofeducation.com\/\",\"name\":\"Kind of Education\",\"description\":\"Reshape your future...\",\"publisher\":{\"@id\":\"https:\/\/kindofeducation.com\/#organization\"},\"potentialAction\":[{\"@type\":\"SearchAction\",\"target\":{\"@type\":\"EntryPoint\",\"urlTemplate\":\"https:\/\/kindofeducation.com\/?s={search_term_string}\"},\"query-input\":{\"@type\":\"PropertyValueSpecification\",\"valueRequired\":true,\"valueName\":\"search_term_string\"}}],\"inLanguage\":\"fr-FR\"},{\"@type\":\"Organization\",\"@id\":\"https:\/\/kindofeducation.com\/#organization\",\"name\":\"Kind of Education\",\"url\":\"https:\/\/kindofeducation.com\/\",\"logo\":{\"@type\":\"ImageObject\",\"inLanguage\":\"fr-FR\",\"@id\":\"https:\/\/kindofeducation.com\/#\/schema\/logo\/image\/\",\"url\":\"https:\/\/kindofeducation.com\/wp-content\/uploads\/2022\/07\/kod_beyaz-scaled.png\",\"contentUrl\":\"https:\/\/kindofeducation.com\/wp-content\/uploads\/2022\/07\/kod_beyaz-scaled.png\",\"width\":2560,\"height\":2560,\"caption\":\"Kind of Education\"},\"image\":{\"@id\":\"https:\/\/kindofeducation.com\/#\/schema\/logo\/image\/\"}}]}<\/script>\n<!-- \/ Yoast SEO Premium plugin. -->","yoast_head_json":{"title":"Final International University - Kind of Education","robots":{"index":"index","follow":"follow","max-snippet":"max-snippet:-1","max-image-preview":"max-image-preview:large","max-video-preview":"max-video-preview:-1"},"canonical":"https:\/\/kindofeducation.com\/fr\/final-international-university\/","og_locale":"fr_FR","og_type":"article","og_title":"Final International University","og_description":"\ud83e\ude91 Seat Availability %100 Available \ud83c\udf10 Languages Offered English, Turkish \ud83d\udcb0 Annual Fees $890 \ud83c\udfeb About the University Discover Final [&hellip;]","og_url":"https:\/\/kindofeducation.com\/fr\/final-international-university\/","og_site_name":"Kind of Education","article_modified_time":"2025-06-17T08:54:59+00:00","twitter_card":"summary_large_image","twitter_misc":{"Dur\u00e9e de lecture estim\u00e9e":"2 minutes"},"schema":{"@context":"https:\/\/schema.org","@graph":[{"@type":"WebPage","@id":"https:\/\/kindofeducation.com\/final-international-university\/","url":"https:\/\/kindofeducation.com\/final-international-university\/","name":"Final International University - Kind of Education","isPartOf":{"@id":"https:\/\/kindofeducation.com\/#website"},"datePublished":"2025-05-07T10:44:41+00:00","dateModified":"2025-06-17T08:54:59+00:00","breadcrumb":{"@id":"https:\/\/kindofeducation.com\/final-international-university\/#breadcrumb"},"inLanguage":"fr-FR","potentialAction":[{"@type":"ReadAction","target":["https:\/\/kindofeducation.com\/final-international-university\/"]}]},{"@type":"BreadcrumbList","@id":"https:\/\/kindofeducation.com\/final-international-university\/#breadcrumb","itemListElement":[{"@type":"ListItem","position":1,"name":"Home","item":"https:\/\/kindofeducation.com\/"},{"@type":"ListItem","position":2,"name":"Final International University"}]},{"@type":"WebSite","@id":"https:\/\/kindofeducation.com\/#website","url":"https:\/\/kindofeducation.com\/","name":"Kind of Education","description":"Reshape your future...","publisher":{"@id":"https:\/\/kindofeducation.com\/#organization"},"potentialAction":[{"@type":"SearchAction","target":{"@type":"EntryPoint","urlTemplate":"https:\/\/kindofeducation.com\/?s={search_term_string}"},"query-input":{"@type":"PropertyValueSpecification","valueRequired":true,"valueName":"search_term_string"}}],"inLanguage":"fr-FR"},{"@type":"Organization","@id":"https:\/\/kindofeducation.com\/#organization","name":"Kind of Education","url":"https:\/\/kindofeducation.com\/","logo":{"@type":"ImageObject","inLanguage":"fr-FR","@id":"https:\/\/kindofeducation.com\/#\/schema\/logo\/image\/","url":"https:\/\/kindofeducation.com\/wp-content\/uploads\/2022\/07\/kod_beyaz-scaled.png","contentUrl":"https:\/\/kindofeducation.com\/wp-content\/uploads\/2022\/07\/kod_beyaz-scaled.png","width":2560,"height":2560,"caption":"Kind of Education"},"image":{"@id":"https:\/\/kindofeducation.com\/#\/schema\/logo\/image\/"}}]}},"_links":{"self":[{"href":"https:\/\/kindofeducation.com\/fr\/wp-json\/wp\/v2\/pages\/6680","targetHints":{"allow":["GET"]}}],"collection":[{"href":"https:\/\/kindofeducation.com\/fr\/wp-json\/wp\/v2\/pages"}],"about":[{"href":"https:\/\/kindofeducation.com\/fr\/wp-json\/wp\/v2\/types\/page"}],"author":[{"embeddable":true,"href":"https:\/\/kindofeducation.com\/fr\/wp-json\/wp\/v2\/users\/6"}],"replies":[{"embeddable":true,"href":"https:\/\/kindofeducation.com\/fr\/wp-json\/wp\/v2\/comments?post=6680"}],"version-history":[{"count":4,"href":"https:\/\/kindofeducation.com\/fr\/wp-json\/wp\/v2\/pages\/6680\/revisions"}],"predecessor-version":[{"id":6720,"href":"https:\/\/kindofeducation.com\/fr\/wp-json\/wp\/v2\/pages\/6680\/revisions\/6720"}],"wp:attachment":[{"href":"https:\/\/kindofeducation.com\/fr\/wp-json\/wp\/v2\/media?parent=6680"}],"curies":[{"name":"wp","href":"https:\/\/api.w.org\/{rel}","templated":true}]}}